{"id":95,"date":"2019-07-03T21:37:17","date_gmt":"2019-07-03T21:37:17","guid":{"rendered":"https:\/\/auventsclassiques.com\/?page_id=95"},"modified":"2019-07-03T22:00:15","modified_gmt":"2019-07-03T22:00:15","slug":"contacts","status":"publish","type":"page","link":"https:\/\/auventsclassiques.com\/?page_id=95","title":{"rendered":"Contacts"},"content":{"rendered":"<p>[et_pb_section fb_built=\u00a0\u00bb1&Prime; admin_label=\u00a0\u00bbContact Us\u00a0\u00bb _builder_version=\u00a0\u00bb3.25.3&Prime; background_color=\u00a0\u00bbrgba(0,0,0,0.75)\u00a0\u00bb background_image=\u00a0\u00bbhttps:\/\/auventsclassiques.com\/wp-content\/uploads\/2019\/07\/HPIM0151.jpg\u00a0\u00bb background_blend=\u00a0\u00bbcolor\u00a0\u00bb custom_padding=\u00a0\u00bb100px|0px|100px|0px\u00a0\u00bb locked=\u00a0\u00bboff\u00a0\u00bb collapsed=\u00a0\u00bboff\u00a0\u00bb][et_pb_row column_structure=\u00a0\u00bb1_2,1_2&Prime; custom_padding=\u00a0\u00bb|||\u00a0\u00bb custom_margin=\u00a0\u00bb|||\u00a0\u00bb make_equal=\u00a0\u00bbon\u00a0\u00bb _builder_version=\u00a0\u00bb3.25&Prime; background_size=\u00a0\u00bbinitial\u00a0\u00bb background_position=\u00a0\u00bbtop_left\u00a0\u00bb background_repeat=\u00a0\u00bbrepeat\u00a0\u00bb max_width=\u00a0\u00bb1280px\u00a0\u00bb use_custom_width=\u00a0\u00bbon\u00a0\u00bb custom_width_px=\u00a0\u00bb1280px\u00a0\u00bb][et_pb_column type=\u00a0\u00bb1_2&Prime; _builder_version=\u00a0\u00bb3.25&Prime; background_color=\u00a0\u00bb#1f1f1f\u00a0\u00bb custom_padding=\u00a0\u00bb100px|5%|100px|5%\u00a0\u00bb custom_padding__hover=\u00a0\u00bb|||\u00a0\u00bb][et_pb_text _builder_version=\u00a0\u00bb3.25.3&Prime; text_font=\u00a0\u00bbMontserrat||||\u00a0\u00bb text_text_color=\u00a0\u00bb#ffffff\u00a0\u00bb text_font_size=\u00a0\u00bb15px\u00a0\u00bb text_letter_spacing=\u00a0\u00bb1px\u00a0\u00bb text_line_height=\u00a0\u00bb1.9em\u00a0\u00bb background_size=\u00a0\u00bbinitial\u00a0\u00bb background_position=\u00a0\u00bbtop_left\u00a0\u00bb background_repeat=\u00a0\u00bbrepeat\u00a0\u00bb text_orientation=\u00a0\u00bbcenter\u00a0\u00bb module_alignment=\u00a0\u00bbcenter\u00a0\u00bb custom_margin=\u00a0\u00bb12px||12px|\u00a0\u00bb animation_style=\u00a0\u00bbzoom\u00a0\u00bb animation_intensity_zoom=\u00a0\u00bb20%\u00a0\u00bb locked=\u00a0\u00bboff\u00a0\u00bb custom_padding=\u00a0\u00bb3px|||||\u00a0\u00bb]<\/p>\n<p style=\"text-align: left;\"><span style=\"font-weight: 400;\">Auvents Classiques<\/span><\/p>\n<p style=\"text-align: left;\"><span style=\"font-weight: 400;\">680, rue des Seigneurs Est<\/span><\/p>\n<p style=\"text-align: left;\"><span style=\"font-weight: 400;\">Saint-Hyacinthe (Qu\u00e9bec)<\/span><\/p>\n<p style=\"text-align: left;\"><span style=\"font-weight: 400;\">J2T 3M1<\/span><\/p>\n<p style=\"text-align: left;\">\n<p style=\"text-align: left;\"><span style=\"font-weight: 400;\">T\u00e9l.: 450 773-8020<\/span><\/p>\n<p style=\"text-align: left;\"><span style=\"font-weight: 400;\">Sans frais: 877 773-8020<\/span><\/p>\n<p style=\"text-align: left;\"><span style=\"font-weight: 400;\">T\u00e9l\u00e9c.: 450 773-8025<\/span><\/p>\n<p style=\"text-align: left;\"><span style=\"font-weight: 400;\"><\/span><\/p>\n<p style=\"text-align: left;\"><span style=\"font-weight: 400;\">info@auventsclassiques.com<\/span><\/p>\n<p>[\/et_pb_text][\/et_pb_column][et_pb_column type=\u00a0\u00bb1_2&Prime; _builder_version=\u00a0\u00bb3.25&Prime; background_color=\u00a0\u00bb#1f1f1f\u00a0\u00bb custom_padding=\u00a0\u00bb100px|5%|100px|5%\u00a0\u00bb custom_padding__hover=\u00a0\u00bb|||\u00a0\u00bb][et_pb_text _builder_version=\u00a0\u00bb3.25.3&Prime; text_font=\u00a0\u00bb||||||||\u00a0\u00bb text_font_size=\u00a0\u00bb18px\u00a0\u00bb custom_margin=\u00a0\u00bb20px||\u00a0\u00bb]<iframe loading=\"lazy\" src=\"https:\/\/www.google.com\/maps\/embed?pb=!1m14!1m8!1m3!1d11162.422562353751!2d-72.9227505!3d45.6185684!3m2!1i1024!2i768!4f13.1!3m3!1m2!1s0x0%3A0xcca531f45d8b98!2sAuvents+Classiques+Inc!5e0!3m2!1sfr!2sca!4v1562187468378!5m2!1sfr!2sca\" width=\"600\" height=\"350\" frameborder=\"0\" style=\"border: 0;\" allowfullscreen=\"\"><\/iframe>[\/et_pb_text][\/et_pb_column][\/et_pb_row][\/et_pb_section]<\/p>\n","protected":false},"excerpt":{"rendered":"<p>Auvents Classiques 680, rue des Seigneurs Est Saint-Hyacinthe (Qu\u00e9bec) J2T 3M1 T\u00e9l.: 450 773-8020 Sans frais: 877 773-8020 T\u00e9l\u00e9c.: 450 773-8025 info@auventsclassiques.com<\/p>\n","protected":false},"author":1,"featured_media":0,"parent":0,"menu_order":0,"comment_status":"closed","ping_status":"closed","template":"","meta":{"_et_pb_use_builder":"on","_et_pb_old_content":"<!-- wp:divi\/placeholder \/-->","_et_gb_content_width":"","footnotes":""},"class_list":["post-95","page","type-page","status-publish","hentry"],"_links":{"self":[{"href":"https:\/\/auventsclassiques.com\/index.php?rest_route=\/wp\/v2\/pages\/95","targetHints":{"allow":["GET"]}}],"collection":[{"href":"https:\/\/auventsclassiques.com\/index.php?rest_route=\/wp\/v2\/pages"}],"about":[{"href":"https:\/\/auventsclassiques.com\/index.php?rest_route=\/wp\/v2\/types\/page"}],"author":[{"embeddable":true,"href":"https:\/\/auventsclassiques.com\/index.php?rest_route=\/wp\/v2\/users\/1"}],"replies":[{"embeddable":true,"href":"https:\/\/auventsclassiques.com\/index.php?rest_route=%2Fwp%2Fv2%2Fcomments&post=95"}],"version-history":[{"count":3,"href":"https:\/\/auventsclassiques.com\/index.php?rest_route=\/wp\/v2\/pages\/95\/revisions"}],"predecessor-version":[{"id":107,"href":"https:\/\/auventsclassiques.com\/index.php?rest_route=\/wp\/v2\/pages\/95\/revisions\/107"}],"wp:attachment":[{"href":"https:\/\/auventsclassiques.com\/index.php?rest_route=%2Fwp%2Fv2%2Fmedia&parent=95"}],"curies":[{"name":"wp","href":"https:\/\/api.w.org\/{rel}","templated":true}]}}