{"id":93,"date":"2019-07-03T21:36:46","date_gmt":"2019-07-03T21:36:46","guid":{"rendered":"https:\/\/auventsclassiques.com\/?page_id=93"},"modified":"2019-07-03T22:56:48","modified_gmt":"2019-07-03T22:56:48","slug":"nos-auvents","status":"publish","type":"page","link":"https:\/\/auventsclassiques.com\/?page_id=93","title":{"rendered":"Nos auvents"},"content":{"rendered":"<p>[et_pb_section fb_built=\u00a0\u00bb1&Prime; admin_label=\u00a0\u00bbsection\u00a0\u00bb _builder_version=\u00a0\u00bb3.22.3&Prime;][et_pb_row column_structure=\u00a0\u00bb1_3,2_3&Prime; _builder_version=\u00a0\u00bb3.25.3&Prime;][et_pb_column type=\u00a0\u00bb1_3&Prime; _builder_version=\u00a0\u00bb3.25.3&Prime;][et_pb_image src=\u00a0\u00bbhttps:\/\/auventsclassiques.com\/wp-content\/uploads\/2019\/07\/HPIM0166.jpg\u00a0\u00bb _builder_version=\u00a0\u00bb3.25.3&Prime;][\/et_pb_image][\/et_pb_column][et_pb_column type=\u00a0\u00bb2_3&Prime; _builder_version=\u00a0\u00bb3.25.3&Prime;][et_pb_text _builder_version=\u00a0\u00bb3.25.3&Prime;]<\/p>\n<p><span style=\"font-weight: 400;\">R\u00e9sidentiel \u00a0 &gt; Stationnaire<\/span><\/p>\n<p><b>Recherchez le go\u00fbt du confort.<\/b><\/p>\n<p><span style=\"font-weight: 400;\">Les auvents sont fabriqu\u00e9s avec une structure d\u2019aluminium \u00e9maill\u00e9e (4 choix de couleurs) et des toiles d\u2019acrylique ou de vinyle de tr\u00e8s grande qualit\u00e9.<\/span><\/p>\n<p>[\/et_pb_text][\/et_pb_column][\/et_pb_row][et_pb_row column_structure=\u00a0\u00bb1_3,2_3&Prime; _builder_version=\u00a0\u00bb3.25.3&Prime;][et_pb_column type=\u00a0\u00bb1_3&Prime; _builder_version=\u00a0\u00bb3.25.3&Prime;][et_pb_image src=\u00a0\u00bbhttps:\/\/auventsclassiques.com\/wp-content\/uploads\/2019\/07\/HPIM0129.jpg\u00a0\u00bb _builder_version=\u00a0\u00bb3.25.3&Prime;][\/et_pb_image][\/et_pb_column][et_pb_column type=\u00a0\u00bb2_3&Prime; _builder_version=\u00a0\u00bb3.25.3&Prime;][et_pb_text _builder_version=\u00a0\u00bb3.25.3&Prime;]<\/p>\n<p><span>R\u00e9sidentiel \u00a0 &gt; Auvents d&rsquo;entr\u00e9e et fen\u00eatre<\/span><\/p>\n<p><b>Rehaussez les charmes de votre r\u00e9sidence tout en prot\u00e9geant l&rsquo;int\u00e9rieur des cons\u00e9quences du soleil.<\/b><\/p>\n<p><span>Les auvents sont fabriqu\u00e9s avec une structure d\u2019aluminium \u00e9maill\u00e9e (4 choix de couleurs) et des toiles d\u2019acrylique ou de vinyle de tr\u00e8s grande qualit\u00e9.<\/span><\/p>\n<p><span>Un repr\u00e9sentant pourra vous conseiller sur le choix du style id\u00e9al pour votre maison.\u00a0<\/span><\/p>\n<p>[\/et_pb_text][\/et_pb_column][\/et_pb_row][et_pb_row column_structure=\u00a0\u00bb1_3,2_3&Prime; _builder_version=\u00a0\u00bb3.25.3&Prime;][et_pb_column type=\u00a0\u00bb1_3&Prime; _builder_version=\u00a0\u00bb3.25.3&Prime;][et_pb_image src=\u00a0\u00bbhttps:\/\/auventsclassiques.com\/wp-content\/uploads\/2019\/07\/HPIM0089.jpg\u00a0\u00bb _builder_version=\u00a0\u00bb3.25.3&Prime;][\/et_pb_image][\/et_pb_column][et_pb_column type=\u00a0\u00bb2_3&Prime; _builder_version=\u00a0\u00bb3.25.3&Prime;][et_pb_text _builder_version=\u00a0\u00bb3.25.3&Prime;]<\/p>\n<p><span style=\"font-weight: 400;\">R\u00e9sidentiel \u00a0 &gt; Abri 2 et 4 pentes<\/span><\/p>\n<p><b>Les gazebos sont fabriqu\u00e9s avec une structure d\u2019aluminium \u00e9maill\u00e9e (4 choix de couleurs) et des toiles d\u2019acrylique ou de vinyle de tr\u00e8s grande qualit\u00e9<\/b><\/p>\n<p>[\/et_pb_text][\/et_pb_column][\/et_pb_row][et_pb_row column_structure=\u00a0\u00bb1_3,2_3&Prime; _builder_version=\u00a0\u00bb3.25.3&Prime;][et_pb_column type=\u00a0\u00bb1_3&Prime; _builder_version=\u00a0\u00bb3.25.3&Prime;][et_pb_image src=\u00a0\u00bbhttps:\/\/auventsclassiques.com\/wp-content\/uploads\/2019\/07\/HPIM0142.jpg\u00a0\u00bb _builder_version=\u00a0\u00bb3.25.3&Prime;][\/et_pb_image][\/et_pb_column][et_pb_column type=\u00a0\u00bb2_3&Prime; _builder_version=\u00a0\u00bb3.25.3&Prime;][et_pb_text _builder_version=\u00a0\u00bb3.25.3&Prime;]<\/p>\n<p><span style=\"font-weight: 400;\">R\u00e9sidentiel \u00a0 &gt; Rideau moustiquaire<\/span><\/p>\n<p><b>Profitez pleinement de la saison estivale tout en vous prot\u00e9geant des changements climatique.<\/b><\/p>\n<ul>\n<li style=\"font-weight: 400;\"><span style=\"font-weight: 400;\">Rideau de toile d&rsquo;acrylique<\/span><\/li>\n<li style=\"font-weight: 400;\"><span style=\"font-weight: 400;\">Rideau de plastique transparent, teint\u00e9 et de vinyle<\/span><\/li>\n<li style=\"font-weight: 400;\"><span style=\"font-weight: 400;\">Rideau de vinyle<\/span><\/li>\n<li style=\"font-weight: 400;\"><span style=\"font-weight: 400;\">Rideau moustiquaire<\/span><\/li>\n<li style=\"font-weight: 400;\"><span style=\"font-weight: 400;\">Moustiquaire fixe\u00a0<\/span><\/li>\n<\/ul>\n<p>[\/et_pb_text][\/et_pb_column][\/et_pb_row][et_pb_row column_structure=\u00a0\u00bb1_3,2_3&Prime; _builder_version=\u00a0\u00bb3.25.3&Prime;][et_pb_column type=\u00a0\u00bb1_3&Prime; _builder_version=\u00a0\u00bb3.25.3&Prime;][et_pb_image src=\u00a0\u00bbhttps:\/\/auventsclassiques.com\/wp-content\/uploads\/2019\/07\/HPIM0038.jpg\u00a0\u00bb _builder_version=\u00a0\u00bb3.25.3&Prime;][\/et_pb_image][\/et_pb_column][et_pb_column type=\u00a0\u00bb2_3&Prime; _builder_version=\u00a0\u00bb3.25.3&Prime;][et_pb_text _builder_version=\u00a0\u00bb3.25.3&Prime;]<\/p>\n<p><span style=\"font-weight: 400;\">\u00a0Commercial \u00a0 &gt; Marquise<\/span><\/p>\n<p><b>Personnalisez et donnez un tout nouveau concept \u00e0 votre \u00e9tablissement.<\/b><\/p>\n<p><span style=\"font-weight: 400;\">\u00c9gayez votre terrasse, rehaussez l&rsquo;entr\u00e9e de votre commerce avec une marquise, redonnez style \u00e0 votre vitrine&#8230;. les auvents ajouteront couleurs en cr\u00e9ant une ambiance chaleureuse.<\/span><\/p>\n<p><span style=\"font-weight: 400;\">Fabriqu\u00e9s de toiles d&rsquo;acrylique et de toiles de vinyle selon vos besoins et vos exigences dans les meilleurs d\u00e9lais.\u00a0<\/span><\/p>\n<p>[\/et_pb_text][\/et_pb_column][\/et_pb_row][et_pb_row column_structure=\u00a0\u00bb1_3,2_3&Prime; _builder_version=\u00a0\u00bb3.25.3&Prime;][et_pb_column type=\u00a0\u00bb1_3&Prime; _builder_version=\u00a0\u00bb3.25.3&Prime;][et_pb_image src=\u00a0\u00bbhttps:\/\/auventsclassiques.com\/wp-content\/uploads\/2019\/07\/HPIM0164.jpg\u00a0\u00bb _builder_version=\u00a0\u00bb3.25.3&Prime;][\/et_pb_image][\/et_pb_column][et_pb_column type=\u00a0\u00bb2_3&Prime; _builder_version=\u00a0\u00bb3.25.3&Prime;][et_pb_text _builder_version=\u00a0\u00bb3.25.3&Prime;]<\/p>\n<p><span style=\"font-weight: 400;\">Commercial \u00a0 &gt; Auvents d&rsquo;entr\u00e9e et fen\u00eatre<\/span><\/p>\n<p><b>Rehaussez les charmes de votre commerce tout en prot\u00e9geant l&rsquo;int\u00e9rieur des cons\u00e9quences du soleil.<\/b><\/p>\n<p><span style=\"font-weight: 400;\">Les auvents sont fabriqu\u00e9s avec une structure d\u2019aluminium \u00e9maill\u00e9e (4 choix de couleurs) et des toiles d\u2019acrylique ou de vinyle de tr\u00e8s grande qualit\u00e9.<\/span><\/p>\n<p><span style=\"font-weight: 400;\">Un repr\u00e9sentant pourra vous conseiller sur le choix du style id\u00e9al pour votre commerce.\u00a0<\/span><\/p>\n<p>[\/et_pb_text][\/et_pb_column][\/et_pb_row][et_pb_row column_structure=\u00a0\u00bb1_3,2_3&Prime; _builder_version=\u00a0\u00bb3.25.3&Prime;][et_pb_column type=\u00a0\u00bb1_3&Prime; _builder_version=\u00a0\u00bb3.25.3&Prime;][et_pb_image src=\u00a0\u00bbhttps:\/\/auventsclassiques.com\/wp-content\/uploads\/2019\/07\/auvents-classiques-ph-1.jpg\u00a0\u00bb _builder_version=\u00a0\u00bb3.25.3&Prime;][\/et_pb_image][\/et_pb_column][et_pb_column type=\u00a0\u00bb2_3&Prime; _builder_version=\u00a0\u00bb3.25.3&Prime;][et_pb_text _builder_version=\u00a0\u00bb3.25.3&Prime;]<\/p>\n<p><span style=\"font-weight: 400;\">Industriel \u00a0 &gt; Abri fumeur<\/span><\/p>\n<p><b>Prot\u00e9gez votre personnel et votre client\u00e8le<\/b><span style=\"font-weight: 400;\"> des intemp\u00e9ries.<\/span><\/p>\n<p><span style=\"font-weight: 400;\">Industriel \u00a0 &gt; Auvents d&rsquo;entr\u00e9e et fen\u00eatre<\/span><\/p>\n<p><b>Rendez confortable votre entr\u00e9e contre les intemp\u00e9ries.<\/b><\/p>\n<p><span style=\"font-weight: 400;\">Les auvents sont fabriqu\u00e9s avec une structure d\u2019aluminium \u00e9maill\u00e9e (4 choix de couleurs) et des toiles d\u2019acrylique ou de vinyle de tr\u00e8s grande qualit\u00e9.<\/span><\/p>\n<p><span style=\"font-weight: 400;\">Un repr\u00e9sentant pourra vous conseiller sur le choix du style id\u00e9al pour votre commerce.\u00a0<\/span><\/p>\n<p>[\/et_pb_text][\/et_pb_column][\/et_pb_row][\/et_pb_section]<\/p>\n","protected":false},"excerpt":{"rendered":"<p>R\u00e9sidentiel \u00a0 &gt; Stationnaire Recherchez le go\u00fbt du confort. Les auvents sont fabriqu\u00e9s avec une structure d\u2019aluminium \u00e9maill\u00e9e (4 choix de couleurs) et des toiles d\u2019acrylique ou de vinyle de tr\u00e8s grande qualit\u00e9.R\u00e9sidentiel \u00a0 &gt; Auvents d&rsquo;entr\u00e9e et fen\u00eatre Rehaussez les charmes de votre r\u00e9sidence tout en prot\u00e9geant l&rsquo;int\u00e9rieur des cons\u00e9quences du soleil. Les auvents [&hellip;]<\/p>\n","protected":false},"author":1,"featured_media":0,"parent":0,"menu_order":0,"comment_status":"closed","ping_status":"closed","template":"","meta":{"_et_pb_use_builder":"on","_et_pb_old_content":"<!-- wp:divi\/placeholder \/-->","_et_gb_content_width":"","footnotes":""},"class_list":["post-93","page","type-page","status-publish","hentry"],"_links":{"self":[{"href":"https:\/\/auventsclassiques.com\/index.php?rest_route=\/wp\/v2\/pages\/93","targetHints":{"allow":["GET"]}}],"collection":[{"href":"https:\/\/auventsclassiques.com\/index.php?rest_route=\/wp\/v2\/pages"}],"about":[{"href":"https:\/\/auventsclassiques.com\/index.php?rest_route=\/wp\/v2\/types\/page"}],"author":[{"embeddable":true,"href":"https:\/\/auventsclassiques.com\/index.php?rest_route=\/wp\/v2\/users\/1"}],"replies":[{"embeddable":true,"href":"https:\/\/auventsclassiques.com\/index.php?rest_route=%2Fwp%2Fv2%2Fcomments&post=93"}],"version-history":[{"count":6,"href":"https:\/\/auventsclassiques.com\/index.php?rest_route=\/wp\/v2\/pages\/93\/revisions"}],"predecessor-version":[{"id":117,"href":"https:\/\/auventsclassiques.com\/index.php?rest_route=\/wp\/v2\/pages\/93\/revisions\/117"}],"wp:attachment":[{"href":"https:\/\/auventsclassiques.com\/index.php?rest_route=%2Fwp%2Fv2%2Fmedia&parent=93"}],"curies":[{"name":"wp","href":"https:\/\/api.w.org\/{rel}","templated":true}]}}